{"id":95,"date":"2020-08-30T10:29:01","date_gmt":"2020-08-30T10:29:01","guid":{"rendered":"http:\/\/neu.die-kosmetik-oase-ricklingen.de\/?page_id=95"},"modified":"2020-08-30T10:29:02","modified_gmt":"2020-08-30T10:29:02","slug":"produkte","status":"publish","type":"page","link":"https:\/\/www.die-kosmetik-oase-ricklingen.de\/?page_id=95","title":{"rendered":"Produkte"},"content":{"rendered":"\n<p>Die Behandlung im Rahmen der Fu\u00dfpflege findet mit Produkten statt, die ausschlie\u00dflich in Fu\u00dfpflegepraxen zum Einsatz kommen, wie:<\/p>\n\n\n\n<h5 class=\"has-text-align-center\">Laufwunder<br>Remmele\u2019s Propolis<br>Camillen60<br>peclavus (Ruck) mit Shea Butter<br>B\/S Spangen<\/h5>\n\n\n\n<p>Ich nehme mir f\u00fcr die Beratung ausreichend Zeit, um Sie individuell und umfassend zu beraten.<\/p>\n","protected":false},"excerpt":{"rendered":"<p>Die Behandlung im Rahmen der Fu\u00dfpflege findet mit Produkten statt, die ausschlie\u00dflich in Fu\u00dfpflegepraxen zum Einsatz kommen, wie: LaufwunderRemmele\u2019s PropolisCamillen60peclavus (Ruck) mit Shea ButterB\/S Spangen Ich nehme mir f\u00fcr die Beratung ausreichend Zeit, um Sie individuell und umfassend zu beraten.<\/p>\n","protected":false},"author":1,"featured_media":0,"parent":41,"menu_order":0,"comment_status":"closed","ping_status":"closed","template":"","meta":[],"_links":{"self":[{"href":"https:\/\/www.die-kosmetik-oase-ricklingen.de\/index.php?rest_route=\/wp\/v2\/pages\/95"}],"collection":[{"href":"https:\/\/www.die-kosmetik-oase-ricklingen.de\/index.php?rest_route=\/wp\/v2\/pages"}],"about":[{"href":"https:\/\/www.die-kosmetik-oase-ricklingen.de\/index.php?rest_route=\/wp\/v2\/types\/page"}],"author":[{"embeddable":true,"href":"https:\/\/www.die-kosmetik-oase-ricklingen.de\/index.php?rest_route=\/wp\/v2\/users\/1"}],"replies":[{"embeddable":true,"href":"https:\/\/www.die-kosmetik-oase-ricklingen.de\/index.php?rest_route=%2Fwp%2Fv2%2Fcomments&post=95"}],"version-history":[{"count":1,"href":"https:\/\/www.die-kosmetik-oase-ricklingen.de\/index.php?rest_route=\/wp\/v2\/pages\/95\/revisions"}],"predecessor-version":[{"id":96,"href":"https:\/\/www.die-kosmetik-oase-ricklingen.de\/index.php?rest_route=\/wp\/v2\/pages\/95\/revisions\/96"}],"up":[{"embeddable":true,"href":"https:\/\/www.die-kosmetik-oase-ricklingen.de\/index.php?rest_route=\/wp\/v2\/pages\/41"}],"wp:attachment":[{"href":"https:\/\/www.die-kosmetik-oase-ricklingen.de\/index.php?rest_route=%2Fwp%2Fv2%2Fmedia&parent=95"}],"curies":[{"name":"wp","href":"https:\/\/api.w.org\/{rel}","templated":true}]}}