{"id":47,"date":"2020-08-30T09:50:20","date_gmt":"2020-08-30T09:50:20","guid":{"rendered":"http:\/\/neu.die-kosmetik-oase-ricklingen.de\/?page_id=47"},"modified":"2020-08-30T10:02:06","modified_gmt":"2020-08-30T10:02:06","slug":"impressum","status":"publish","type":"page","link":"https:\/\/www.die-kosmetik-oase-ricklingen.de\/?page_id=47","title":{"rendered":"Impressum"},"content":{"rendered":"\n<p>IMPRESSUM\/COPYRIGHT\/PFLICHTANGABEN nach \u00a7 5 Telemediengesetz (TMG)<\/p>\n\n\n\n<p>Die Oase Kosmetik und Fu\u00dfpflege<br>Christina Melching-Toll<br>Koldinger Str. 24<br>D-30459 Hannover&nbsp; (Germany)<\/p>\n\n\n\n<p><strong><\/strong>&nbsp;Tel. +49 511 23 38 62<br><br><br><strong>Haftung<\/strong>&nbsp;f\u00fcr Inhalte&nbsp;Die Inhalte dieser Seiten werden mit gr\u00f6\u00dfter Sorgfalt erstellt. F\u00fcr Richtigkeit, Vollst\u00e4ndigkeit und Aktualit\u00e4t dieser Inhalte kann jedoch keine Haftung \u00fcbernommen werden. Schon die Tatsache, dass sich das Recht und Technologien weiter entwickeln, f\u00fchrt dazu, dass Informationen nach einiger Zeit veraltet, unrichtig oder widerspr\u00fcchlich sein k\u00f6nnen.<\/p>\n\n\n\n<p><strong>Marken<\/strong>&nbsp;Viele Gebrauchs- und Warennamen, die auf der Website von Die Oase Kosmetik und Fu\u00dfpflege erw\u00e4hnt werden, sind gleichzeitig eingetragene Warenzeichen oder sollten als solche betrachtet werden. Die Informationen auf dieser Internetseite werden ohne R\u00fccksicht auf einen eventuellen Patentschutz ver\u00f6ffentlicht. Warennamen werden ohne Gew\u00e4hrleistung der freien Verwendbarkeit benutzt. Alle Rechte sind vorbehalten.<\/p>\n\n\n\n<p><strong>Haftung f\u00fcr Links&nbsp;Links<\/strong>&nbsp;k\u00f6nnen zu Inhalten fremder Anbieter f\u00fchren. F\u00fcr diese Inhalte ist allein der jeweilige Anbieter verantwortlich. Bei Bekanntwerden von Rechtsverletzungen werden diese Links umgehend entfernt.<\/p>\n","protected":false},"excerpt":{"rendered":"<p>IMPRESSUM\/COPYRIGHT\/PFLICHTANGABEN nach \u00a7 5 Telemediengesetz (TMG) Die Oase Kosmetik und Fu\u00dfpflegeChristina Melching-TollKoldinger Str. 24D-30459 Hannover&nbsp; (Germany) &nbsp;Tel. +49 511 23 38 62 Haftung&nbsp;f\u00fcr Inhalte&nbsp;Die Inhalte dieser Seiten werden mit gr\u00f6\u00dfter Sorgfalt erstellt. F\u00fcr Richtigkeit, Vollst\u00e4ndigkeit und Aktualit\u00e4t dieser Inhalte kann&hellip; <\/p>\n","protected":false},"author":1,"featured_media":0,"parent":0,"menu_order":0,"comment_status":"closed","ping_status":"closed","template":"","meta":[],"_links":{"self":[{"href":"https:\/\/www.die-kosmetik-oase-ricklingen.de\/index.php?rest_route=\/wp\/v2\/pages\/47"}],"collection":[{"href":"https:\/\/www.die-kosmetik-oase-ricklingen.de\/index.php?rest_route=\/wp\/v2\/pages"}],"about":[{"href":"https:\/\/www.die-kosmetik-oase-ricklingen.de\/index.php?rest_route=\/wp\/v2\/types\/page"}],"author":[{"embeddable":true,"href":"https:\/\/www.die-kosmetik-oase-ricklingen.de\/index.php?rest_route=\/wp\/v2\/users\/1"}],"replies":[{"embeddable":true,"href":"https:\/\/www.die-kosmetik-oase-ricklingen.de\/index.php?rest_route=%2Fwp%2Fv2%2Fcomments&post=47"}],"version-history":[{"count":2,"href":"https:\/\/www.die-kosmetik-oase-ricklingen.de\/index.php?rest_route=\/wp\/v2\/pages\/47\/revisions"}],"predecessor-version":[{"id":72,"href":"https:\/\/www.die-kosmetik-oase-ricklingen.de\/index.php?rest_route=\/wp\/v2\/pages\/47\/revisions\/72"}],"wp:attachment":[{"href":"https:\/\/www.die-kosmetik-oase-ricklingen.de\/index.php?rest_route=%2Fwp%2Fv2%2Fmedia&parent=47"}],"curies":[{"name":"wp","href":"https:\/\/api.w.org\/{rel}","templated":true}]}}