{"id":46,"date":"2020-08-30T09:50:20","date_gmt":"2020-08-30T09:50:20","guid":{"rendered":"http:\/\/neu.die-kosmetik-oase-ricklingen.de\/?page_id=46"},"modified":"2020-08-30T10:01:27","modified_gmt":"2020-08-30T10:01:27","slug":"ueber-mich","status":"publish","type":"page","link":"https:\/\/www.die-kosmetik-oase-ricklingen.de\/?page_id=46","title":{"rendered":"\u00dcber mich"},"content":{"rendered":"\n<div class=\"wp-block-image\"><figure class=\"aligncenter\"><img src=\"http:\/\/www.die-kosmetik-oase-ricklingen.de\/wp-content\/uploads\/2018\/06\/IMG_2352-e1528489195434-225x300.jpg\" alt=\"\" class=\"wp-image-325\"\/><\/figure><\/div>\n\n\n\n<p>Hallo und herzlich Willkommen!<\/p>\n\n\n\n<p>ich bin Christina Melching-Toll und staatl. gepr\u00fcfte Kosmetikerin&nbsp;mit der Zusatzausbildung in Fu\u00dfpflege. Dar\u00fcber hinaus habe ich seit 2006 den 1. und 2. Grad&nbsp;im Usui-Reiki erlangt.<\/p>\n\n\n\n<p>Mein Ziel ist es, K\u00f6rper, Geist und Seele in Einklang zu bringen. Daf\u00fcr stehe ich Ihnen mit meiner \u00fcber 25-j\u00e4hrigen Berufserfahrung&nbsp;sowie st\u00e4ndigen Weiterbildungen zur Verf\u00fcgung.<\/p>\n\n\n\n<p>Vor meiner Selbstst\u00e4ndigkeit 2005 konnte&nbsp;ich nach meiner Ausbildung in zwei gr\u00f6\u00dferen Kosmetikstudios in Hannover mit Zusatz in der med. Fu\u00dfpflege Erfahrungen sammeln.<br>Des Weiteren habe ich mein Wissen in Bezug auf spezielle energetische Fu\u00dfmassagen (Behandlung) und Edelstein-Kunde erweitert und kann Ihnen&nbsp;dies zu Gute kommen lassen.<\/p>\n\n\n\n<p>Als Make up Artist, gebe ich auf Wunsch auch Schminkseminare und biete Workshops und Beratungen an.<\/p>\n\n\n\n<p>Ich freue mich auf Ihren Besuch<\/p>\n","protected":false},"excerpt":{"rendered":"<p>Hallo und herzlich Willkommen! ich bin Christina Melching-Toll und staatl. gepr\u00fcfte Kosmetikerin&nbsp;mit der Zusatzausbildung in Fu\u00dfpflege. Dar\u00fcber hinaus habe ich seit 2006 den 1. und 2. Grad&nbsp;im Usui-Reiki erlangt. Mein Ziel ist es, K\u00f6rper, Geist und Seele in Einklang zu&hellip; <\/p>\n","protected":false},"author":1,"featured_media":0,"parent":0,"menu_order":0,"comment_status":"closed","ping_status":"closed","template":"","meta":[],"_links":{"self":[{"href":"https:\/\/www.die-kosmetik-oase-ricklingen.de\/index.php?rest_route=\/wp\/v2\/pages\/46"}],"collection":[{"href":"https:\/\/www.die-kosmetik-oase-ricklingen.de\/index.php?rest_route=\/wp\/v2\/pages"}],"about":[{"href":"https:\/\/www.die-kosmetik-oase-ricklingen.de\/index.php?rest_route=\/wp\/v2\/types\/page"}],"author":[{"embeddable":true,"href":"https:\/\/www.die-kosmetik-oase-ricklingen.de\/index.php?rest_route=\/wp\/v2\/users\/1"}],"replies":[{"embeddable":true,"href":"https:\/\/www.die-kosmetik-oase-ricklingen.de\/index.php?rest_route=%2Fwp%2Fv2%2Fcomments&post=46"}],"version-history":[{"count":2,"href":"https:\/\/www.die-kosmetik-oase-ricklingen.de\/index.php?rest_route=\/wp\/v2\/pages\/46\/revisions"}],"predecessor-version":[{"id":71,"href":"https:\/\/www.die-kosmetik-oase-ricklingen.de\/index.php?rest_route=\/wp\/v2\/pages\/46\/revisions\/71"}],"wp:attachment":[{"href":"https:\/\/www.die-kosmetik-oase-ricklingen.de\/index.php?rest_route=%2Fwp%2Fv2%2Fmedia&parent=46"}],"curies":[{"name":"wp","href":"https:\/\/api.w.org\/{rel}","templated":true}]}}