{"id":43,"date":"2020-08-30T09:50:20","date_gmt":"2020-08-30T09:50:20","guid":{"rendered":"http:\/\/neu.die-kosmetik-oase-ricklingen.de\/?page_id=43"},"modified":"2020-08-30T10:54:20","modified_gmt":"2020-08-30T10:54:20","slug":"manikuere","status":"publish","type":"page","link":"https:\/\/www.die-kosmetik-oase-ricklingen.de\/?page_id=43","title":{"rendered":"Manik\u00fcre"},"content":{"rendered":"\n<h5 class=\"has-text-align-center\">Frauen und M\u00e4nner, die Wert auf gepflegte H\u00e4nde legen, sollten diese regelm\u00e4\u00dfig manik\u00fcren.<\/h5>\n\n\n\n<p><\/p>\n\n\n\n<h5 class=\"has-text-align-center\">Gepflegte H\u00e4nde und N\u00e4gel sind nicht nur ein Spiegel unserer Gesundheit,\u00a0sondern ein Spiegel unserer selbst.<\/h5>\n\n\n\n<p><\/p>\n\n\n\n<div class=\"wp-block-image\"><figure class=\"aligncenter\"><a href=\"http:\/\/preview.die-kosmetik-oase-ricklingen.de\/wp-content\/uploads\/2015\/08\/manikuere.jpg\"><img src=\"http:\/\/preview.die-kosmetik-oase-ricklingen.de\/wp-content\/uploads\/2015\/08\/manikuere-300x200.jpg\" alt=\"beautiful female hands and bowl of pure water with daisy\" class=\"wp-image-181\"\/><\/a><\/figure><\/div>\n","protected":false},"excerpt":{"rendered":"<p>Frauen und M\u00e4nner, die Wert auf gepflegte H\u00e4nde legen, sollten diese regelm\u00e4\u00dfig manik\u00fcren. Gepflegte H\u00e4nde und N\u00e4gel sind nicht nur ein Spiegel unserer Gesundheit,\u00a0sondern ein Spiegel unserer selbst.<\/p>\n","protected":false},"author":1,"featured_media":0,"parent":0,"menu_order":0,"comment_status":"closed","ping_status":"closed","template":"","meta":[],"_links":{"self":[{"href":"https:\/\/www.die-kosmetik-oase-ricklingen.de\/index.php?rest_route=\/wp\/v2\/pages\/43"}],"collection":[{"href":"https:\/\/www.die-kosmetik-oase-ricklingen.de\/index.php?rest_route=\/wp\/v2\/pages"}],"about":[{"href":"https:\/\/www.die-kosmetik-oase-ricklingen.de\/index.php?rest_route=\/wp\/v2\/types\/page"}],"author":[{"embeddable":true,"href":"https:\/\/www.die-kosmetik-oase-ricklingen.de\/index.php?rest_route=\/wp\/v2\/users\/1"}],"replies":[{"embeddable":true,"href":"https:\/\/www.die-kosmetik-oase-ricklingen.de\/index.php?rest_route=%2Fwp%2Fv2%2Fcomments&post=43"}],"version-history":[{"count":3,"href":"https:\/\/www.die-kosmetik-oase-ricklingen.de\/index.php?rest_route=\/wp\/v2\/pages\/43\/revisions"}],"predecessor-version":[{"id":136,"href":"https:\/\/www.die-kosmetik-oase-ricklingen.de\/index.php?rest_route=\/wp\/v2\/pages\/43\/revisions\/136"}],"wp:attachment":[{"href":"https:\/\/www.die-kosmetik-oase-ricklingen.de\/index.php?rest_route=%2Fwp%2Fv2%2Fmedia&parent=43"}],"curies":[{"name":"wp","href":"https:\/\/api.w.org\/{rel}","templated":true}]}}